{"id":2816,"date":"2024-02-02T15:48:14","date_gmt":"2024-02-02T13:48:14","guid":{"rendered":"https:\/\/www.rheinenergiestadion.de\/?page_id=2816"},"modified":"2025-06-26T10:19:09","modified_gmt":"2025-06-26T08:19:09","slug":"references","status":"publish","type":"page","link":"https:\/\/www.rheinenergiestadion.de\/en\/references\/","title":{"rendered":"References"},"content":{"rendered":"<p><img decoding=\"async\" src=\"\/wp-content\/uploads\/2024\/02\/27-Referenzen.jpg\" alt=\"\"><\/p>\n<h1>References<\/h1>\n<div>\n<p><strong>K\u00f6lner Sportst\u00e4tten GmbH has the ideal <a href=\"https:\/\/www.rheinenergiestadion.de\/eng\/eventlocationsoverview\/\" target=\"_blank\" rel=\"noopener\"><span>event location<\/span><\/a> for every occasion you want to celebrate \u2013 and not only in the  <span style=\"color: #e80900;\">RheinEnergieSTADION<\/span>. We are an experienced partner and host in the following areas:<\/strong><\/p>\n<\/div>\n<ul>\n<li>\n<ul>\n<li>\n<p>\t\t\t\t\t\t<img decoding=\"async\" src=\"\/wp-content\/uploads\/revslider\/referenzen_sport\/028.jpg\" alt=\"Cyclists racing indoors at RheinEnergieSTADION\"><\/p>\n<\/li>\n<li>\n<p>\t\t\t\t\t\t<img decoding=\"async\" src=\"\/wp-content\/uploads\/revslider\/referenzen_sport\/030.jpg\" alt=\"Lineup of two teams with flags at RheinEnergieSTADION\"><\/p>\n<\/li>\n<li>\n<p>\t\t\t\t\t\t<img decoding=\"async\" src=\"\/wp-content\/uploads\/revslider\/referenzen_sport\/022.jpg\" alt=\"\"><\/p>\n<\/li>\n<\/ul>\n<h2>Sporting Events<\/h2>\n<div>\n<ul>\n<li><strong> National and international football matches<\/strong><br \/> Bundesliga, international matches, Women\u2019s DFB Cup Final (since 2010), FIFA Confederations Cup 2005, 2006 World Cup, UEFA Europa League 2017, UEFA Europa League Finals 2020 <\/li>\n<li><strong> Ice hockey <\/strong><br \/> DEL WINTER GAME 2019 <\/li>\n<li><strong> Baseball games <\/strong><br \/> European Baseball Championships 2001 <\/li>\n<li><strong> Rugby matches <\/strong><\/li>\n<li><strong> American football matches <\/strong><\/li>\n<li><strong> Track cycling <\/strong><br \/> Track Cycling Championships <\/li>\n<li><strong> Running events <\/strong><br \/> e.g. B2Run, Leselauf <\/li>\n<li><strong> Golf tournaments <\/strong><\/li>\n<\/ul>\n<\/div>\n<\/li>\n<li>\n<ul>\n<li>\n<p>\t\t\t\t\t\t<img decoding=\"async\" src=\"\/wp-content\/uploads\/2024\/05\/referenzen-konzerte-5.jpg\" alt=\"Concert at RheinEnergieSTADION with illuminated stage and cheering audience\"><\/p>\n<\/li>\n<li>\n<p>\t\t\t\t\t\t<img decoding=\"async\" src=\"\/wp-content\/uploads\/2024\/05\/referenzen-konzerte-6.jpg\" alt=\"Concert preparations at RheinEnergieSTADION in bright daylight\"><\/p>\n<\/li>\n<li>\n<p>\t\t\t\t\t\t<img decoding=\"async\" src=\"\/wp-content\/uploads\/2024\/05\/referenzen-konzerte-4.jpg\" alt=\"Stage and seating area at an event in RheinEnergieSTADION\"><\/p>\n<\/li>\n<\/ul>\n<h2>Concerts &#038; Public Events<\/h2>\n<div>\n<ul>\n<li><strong> Large-scale concerts by national and international stars<\/strong><br \/> e.g. AC\/DC, Phil Collins, P!NK, Unheilig, Helene Fischer, Metallica, Coldplay, JAY-Z and Beyonc\u00e9, BRINGS<\/li>\n<\/ul>\n<ul>\n<li><strong> Small to medium-sized concerts in our event locations<\/strong><br \/> e.g. K\u00f6ster &amp; Hocker, Kl\u00fcngelk\u00f6pp, Planschemal\u00f6\u00f6r, Bj\u00f6rn Heuser <\/li>\n<li><strong> Public events <\/strong><br \/> e.g. \u201cLoss mer Weihnachtsleeder singe\u201d, start of the football season with FC Cologne<\/li>\n<li><strong> Prize &#038; Awards Ceremonies <\/strong><br \/>e.g. ETL EXPRESS Sportnacht, German Olympic Sports Confederation Green Ribbon Award, FC Cologne member awards<\/li>\n<li><strong> Flashmobs <\/strong><br \/> Dance group flashmobs 2018, 2019, 2020 <\/li>\n<li><strong> Readings <\/strong><\/li>\n<li><strong> Markets <\/strong><br \/> Flea market, antiques market, craft market, BBQ convention <\/li>\n<\/ul>\n<\/div>\n<\/li>\n<li>\n<ul>\n<li>\n<p>\t\t\t\t\t\t<img decoding=\"async\" src=\"\/wp-content\/uploads\/revslider\/referenzen_feiern\/01_firmen_neu.jpg\" alt=\"Miss Germany at the Beauty Cologne event\"><\/p>\n<\/li>\n<li>\n<p>\t\t\t\t\t\t<img decoding=\"async\" src=\"\/wp-content\/uploads\/2024\/05\/referenzen-firmenevents-2.jpg\" alt=\"Corporate event at RheinEnergieSTADION with attendees listening to a presentation\"><\/p>\n<\/li>\n<li>\n<p>\t\t\t\t\t\t<img decoding=\"async\" src=\"\/wp-content\/uploads\/2024\/05\/referenzen-firmenevents-1.jpg\" alt=\"Conference room at RheinEnergieSTADION with U-shaped table arrangement\"><\/p>\n<\/li>\n<\/ul>\n<h2>Corporate Events and All Other Celebrations<\/h2>\n<div>\n<ul>\n<li><strong>Corporate events <\/strong><br \/> Incentives, supervisory board meetings, conventions, workshops, presentations, vehicle presentations, AGMs, kick-off meetings, Christmas parties, corporate football tournaments, summer f\u00eates<\/li>\n<\/ul>\n<ul>\n<li><strong>Congresses and trade fairs <\/strong><br \/> e.g. Beauty Cologne, diverse Jobmessen, VERS InnoVario, e-Commerce Day <\/li>\n<\/ul>\n<ul>\n<li><strong>Private celebrations <\/strong><br \/>School leaving parties, graduation ceremonies, weddings, birthdays, baptisms, first communion parties<\/li>\n<\/ul>\n<\/div>\n<\/li>\n<li>\n<ul>\n<li>\n<p>\t\t\t\t\t\t<img decoding=\"async\" src=\"\/wp-content\/uploads\/2024\/05\/referenzen-stadionfuehrungen-6.jpg\" alt=\"Stadium tour at RheinEnergieSTADION with a group of visitors and a guide\"><\/p>\n<\/li>\n<li>\n<p>\t\t\t\t\t\t<img decoding=\"async\" src=\"\/wp-content\/uploads\/2024\/05\/referenzen-stadionfuehrungen-3.jpg\" alt=\"Cheering visitors during a stadium tour at RheinEnergieSTADION\"><\/p>\n<\/li>\n<li>\n<p>\t\t\t\t\t\t<img decoding=\"async\" src=\"\/wp-content\/uploads\/2024\/05\/referenzen-stadionfuehrungen-5.jpg\" alt=\"Group photo of a bachelorette party at RheinEnergieSTADION\"><\/p>\n<\/li>\n<\/ul>\n<h2>Stadium Tours<\/h2>\n<div>\n<ul>\n<li>Private group tours for companies\/groups\/clubs\/stag and hen parties<\/li>\n<li>Public stadium tours<\/li>\n<li>Stadium tour for hard-of-hearing people and the Deaf<\/li>\n<li>The Guido Ostrowski StadiumTour<\/li>\n<li>The TrippelTour with stadium announcer Michael Trippel<\/li>\n<li>The ScherzTour with Matthias Scherz<\/li>\n<li>The OffsideTour with Walter Eschweiler<\/li>\n<li>The ChampionsTour with Harald Konopka<\/li>\n<li>\u201cIn the footsteps of Lukas Podolski\u201d tour <\/li>\n<li>Stadium@NIGHT \u2013 the floodlight tour<\/li>\n<li>MatchDayTour (matchdays only)<\/li>\n<li>Historical StadiumTour<\/li>\n<li>Stadium tour &#8220;op k\u00f6lsch&#8221;<\/li>\n<li>Stadium tours for stag nights and hen parties<\/li>\n<li>Stadium tours for kids (children\u2019s birthday parties)<\/li>\n<li>Team quiz tour<\/li>\n<li>Cologne Carnival stadium tour<\/li>\n<\/ul>\n<p>You can find more information about all our stadium tours <span><a href=\"https:\/\/www.rheinenergiestadion.de\/en\/stadiumtoursoverview\/\" target=\"_blank\" rel=\"noopener\"> here <\/a><\/span>. <\/p>\n<p> <strong> Buy tickets <span><a href=\"https:\/\/www.koelnticket.de\/suchergebnis\/?keyword=Stadionf%C3%BChrung&amp;date=\" target=\"_blank\" rel=\"noopener\"> for all public stadium tours here<\/a><\/span><\/strong> <\/p>\n<p> For more information and to book private group tours (with or without catering), please call<br \/> <span><strong> +49 221 716 16 150 <\/strong><\/span> or send an email to  <span><strong><a href=\"mailto:info@koelnersportstaetten.de\" title=\"Write email regarding stadium tours to info@koelnersportstaetten.de\"> info@koelnersportstaetten.de<\/a><\/strong><\/span> <\/p>\n<\/div>\n<\/li>\n<\/ul>\n<div>\n<p><strong>Are you looking for the perfect location for your event?<br \/>\n\u00a0<\/strong><strong>We\u2019ll be happy to help you!<\/strong><\/p>\n<p><strong>Call us on  <span style=\"color: #e80900;\">+49 221 716 16 150<\/span>\u00a0or send an email to <span>\u00a0<\/span><span><a href=\"mailto:info@koelnersportstaetten.de\" title=\"Write email for general inquiries to info@koelnersportstaetten.de\" style=\"color: #e80900;\">info@koelnersportstaetten.de<\/a><\/span><\/strong><\/p>\n<\/div>\n<p><!--more--><br \/>\n<!-- {\"type\":\"layout\",\"children\":[{\"type\":\"section\",\"props\":{\"image_loading\":true,\"image_position\":\"center-center\",\"image_size\":\"contain\",\"image_width\":\"2560\",\"padding\":\"none\",\"padding_remove_bottom\":true,\"padding_remove_top\":true,\"style\":\"default\",\"title_breakpoint\":\"xl\",\"title_position\":\"top-left\",\"title_rotation\":\"left\",\"vertical_align\":\"middle\",\"width\":\"\"},\"children\":[{\"type\":\"row\",\"children\":[{\"type\":\"column\",\"props\":{\"image_position\":\"center-center\",\"position_sticky_breakpoint\":\"m\",\"width_medium\":\"1-1\"},\"children\":[{\"type\":\"image\",\"props\":{\"image\":\"wp-content\\\/uploads\\\/2024\\\/02\\\/27-Referenzen.jpg\",\"image_height\":\"450\",\"image_loading\":true,\"image_svg_color\":\"emphasis\",\"image_width\":\"2560\",\"margin\":\"default\",\"margin_remove_bottom\":true,\"margin_remove_top\":true}}]}],\"props\":{\"margin_remove_bottom\":true,\"margin_remove_top\":true}}],\"name\":\"Hero\"},{\"type\":\"section\",\"props\":{\"divider_color\":\"#F2F2F2\",\"divider_height\":\"55\",\"divider_position\":\"bottom-outside\",\"divider_responsive\":true,\"divider_shape\":\"arrow\",\"divider_width\":\"10\",\"image_position\":\"center-center\",\"padding\":\"small\",\"padding_custom_bottom\":\"40\",\"padding_custom_top\":\"40\",\"padding_remove_bottom\":false,\"padding_remove_top\":true,\"style\":\"muted\",\"style_custom_color\":\"#ccc\",\"title_breakpoint\":\"xl\",\"title_position\":\"top-left\",\"title_rotation\":\"left\",\"vertical_align\":\"middle\",\"width\":\"small\"},\"children\":[{\"type\":\"row\",\"props\":{\"column_gap\":\"large\",\"divider\":false,\"row_gap\":\"large\"},\"children\":[{\"type\":\"column\",\"props\":{\"image_position\":\"center-center\",\"position_sticky_breakpoint\":\"m\",\"style\":\"card-default\"},\"children\":[{\"type\":\"headline\",\"props\":{\"block_align\":\"center\",\"block_align_fallback\":\"center\",\"class\":\"uk-margin-top\",\"content\":\"References\",\"margin\":\"medium\",\"margin_remove_bottom\":false,\"margin_remove_top\":false,\"maxwidth\":\"xlarge\",\"text_align\":\"center\",\"text_align_breakpoint\":\"m\",\"text_align_fallback\":\"center\",\"title_element\":\"h1\",\"title_style\":\"h2\"}},{\"type\":\"text\",\"props\":{\"block_align_breakpoint\":\"m\",\"block_align_fallback\":\"center\",\"column_breakpoint\":\"m\",\"content\":\"\n\n<p><strong>K\\u00f6lner Sportst\\u00e4tten GmbH has the ideal <a href=\\\"https:\\\/\\\/www.rheinenergiestadion.de\\\/eng\\\/eventlocationsoverview\\\/\\\" target=\\\"_blank\\\" rel=\\\"noopener\\\"><span>event location<\\\/span><\\\/a> for every occasion you want to celebrate \\u2013 and not only in the  <span style=\\\"color: #e80900;\\\">RheinEnergieSTADION<\\\/span>. We are an experienced partner and host in the following areas:<\\\/strong><\\\/p>\",\"margin\":\"xlarge\",\"margin_remove_bottom\":true,\"margin_remove_top\":true,\"maxwidth_breakpoint\":\"m\",\"text_align\":\"left\"}},{\"type\":\"hd-slideshow-grid\",\"props\":{\"class\":\"res-grid\",\"content_column_breakpoint\":\"m\",\"filter_align\":\"left\",\"filter_all\":true,\"filter_grid_breakpoint\":\"m\",\"filter_grid_width\":\"auto\",\"filter_position\":\"top\",\"filter_style\":\"tab\",\"grid_column_align\":false,\"grid_default\":\"1\",\"grid_divider\":false,\"grid_medium\":\"2\",\"grid_small\":\"2\",\"image_align\":\"top\",\"image_grid_breakpoint\":\"m\",\"image_grid_width\":\"1-2\",\"image_loading\":true,\"item_animation\":true,\"link_style\":\"default\",\"link_text\":\"Read more\",\"margin\":\"medium\",\"meta_align\":\"below-title\",\"meta_element\":\"div\",\"meta_style\":\"text-meta\",\"nav\":\"dotnav\",\"nav_align\":\"center\",\"nav_breakpoint\":\"s\",\"nav_position\":\"bottom-center\",\"nav_position_margin\":\"medium\",\"panel_image_no_padding\":true,\"panel_padding\":\"small\",\"panel_style\":\"card-default\",\"show_content\":true,\"show_image\":true,\"show_link\":true,\"show_meta\":true,\"show_thumbnail\":true,\"show_title\":true,\"slidenav\":\"default\",\"slidenav_breakpoint\":\"s\",\"slidenav_margin\":\"medium\",\"slidenav_outside_breakpoint\":\"xl\",\"slideshow_autoplay_pause\":true,\"slideshow_min_height\":300,\"thumbnav_height\":\"75\",\"thumbnav_svg_color\":\"emphasis\",\"thumbnav_width\":\"100\",\"title_align\":\"top\",\"title_element\":\"h2\",\"title_grid_breakpoint\":\"m\",\"title_grid_width\":\"1-2\",\"title_hover_style\":\"reset\",\"title_style\":\"h3\"},\"children\":[{\"type\":\"hd-slideshow-grid_item\",\"props\":{\"content\":\"\n\n<ul>\\n\n\n<li><strong> National and international football matches<\\\/strong><br \\\/> Bundesliga, international matches, Women\\u2019s DFB Cup Final (since 2010), FIFA Confederations Cup 2005, 2006 World Cup, UEFA Europa League 2017, UEFA Europa League Finals 2020 <\\\/li>\\n\n\n<li><strong> Ice hockey <\\\/strong><br \\\/> DEL WINTER GAME 2019 <\\\/li>\\n\n\n<li><strong> Baseball games <\\\/strong><br \\\/> European Baseball Championships 2001 <\\\/li>\\n\n\n<li><strong> Rugby matches <\\\/strong><\\\/li>\\n\n\n<li><strong> American football matches <\\\/strong><\\\/li>\\n\n\n<li><strong> Track cycling <\\\/strong><br \\\/> Track Cycling Championships <\\\/li>\\n\n\n<li><strong> Running events <\\\/strong><br \\\/> e.g. B2Run, Leselauf <\\\/li>\\n\n\n<li><strong> Golf tournaments <\\\/strong><\\\/li>\\n<\\\/ul>\",\"image_1\":\"wp-content\\\/uploads\\\/revslider\\\/referenzen_sport\\\/028.jpg\",\"image_1_alt\":\"Cyclists racing indoors at RheinEnergieSTADION\",\"image_2\":\"wp-content\\\/uploads\\\/revslider\\\/referenzen_sport\\\/030.jpg\",\"image_2_alt\":\"Lineup of two teams with flags at RheinEnergieSTADION\",\"image_3\":\"wp-content\\\/uploads\\\/revslider\\\/referenzen_sport\\\/022.jpg\",\"title\":\"Sporting Events\"}},{\"type\":\"hd-slideshow-grid_item\",\"props\":{\"content\":\"\n\n<ul>\\n\n\n<li><strong> Large-scale concerts by national and international stars<\\\/strong><br \\\/> e.g. AC\\\/DC, Phil Collins, P!NK, Unheilig, Helene Fischer, Metallica, Coldplay, JAY-Z and Beyonc\\u00e9, BRINGS<\\\/li>\\n<\\\/ul>\\n\n\n<ul>\\n\n\n<li><strong> Small to medium-sized concerts in our event locations<\\\/strong><br \\\/> e.g. K\\u00f6ster &amp; Hocker, Kl\\u00fcngelk\\u00f6pp, Planschemal\\u00f6\\u00f6r, Bj\\u00f6rn Heuser <\\\/li>\\n\n\n<li><strong> Public events <\\\/strong><br \\\/> e.g. \\u201cLoss mer Weihnachtsleeder singe\\u201d, start of the football season with FC Cologne<\\\/li>\\n\n\n<li><strong> Prize & Awards Ceremonies <\\\/strong><br \\\/>e.g. ETL EXPRESS Sportnacht, German Olympic Sports Confederation Green Ribbon Award, FC Cologne member awards<\\\/li>\\n\n\n<li><strong> Flashmobs <\\\/strong><br \\\/> Dance group flashmobs 2018, 2019, 2020 <\\\/li>\\n\n\n<li><strong> Readings <\\\/strong><\\\/li>\\n\n\n<li><strong> Markets <\\\/strong><br \\\/> Flea market, antiques market, craft market, BBQ convention <\\\/li>\\n<\\\/ul>\",\"image_1\":\"wp-content\\\/uploads\\\/2024\\\/05\\\/referenzen-konzerte-5.jpg\",\"image_1_alt\":\"Concert at RheinEnergieSTADION with illuminated stage and cheering audience\",\"image_2\":\"wp-content\\\/uploads\\\/2024\\\/05\\\/referenzen-konzerte-6.jpg\",\"image_2_alt\":\"Concert preparations at RheinEnergieSTADION in bright daylight\",\"image_3\":\"wp-content\\\/uploads\\\/2024\\\/05\\\/referenzen-konzerte-4.jpg\",\"image_3_alt\":\"Stage and seating area at an event in RheinEnergieSTADION\",\"title\":\"Concerts & Public Events\"}},{\"type\":\"hd-slideshow-grid_item\",\"props\":{\"content\":\"\n\n<ul>\\n\n\n<li><strong>Corporate events <\\\/strong><br \\\/> Incentives, supervisory board meetings, conventions, workshops, presentations, vehicle presentations, AGMs, kick-off meetings, Christmas parties, corporate football tournaments, summer f\\u00eates<\\\/li>\\n<\\\/ul>\\n\n\n<ul>\\n\n\n<li><strong>Congresses and trade fairs <\\\/strong><br \\\/> e.g. Beauty Cologne, diverse Jobmessen, VERS InnoVario, e-Commerce Day <\\\/li>\\n<\\\/ul>\\n\n\n<ul>\\n\n\n<li><strong>Private celebrations <\\\/strong><br \\\/>School leaving parties, graduation ceremonies, weddings, birthdays, baptisms, first communion parties<\\\/li>\\n<\\\/ul>\",\"image_1\":\"wp-content\\\/uploads\\\/revslider\\\/referenzen_feiern\\\/01_firmen_neu.jpg\",\"image_1_alt\":\"Miss Germany at the Beauty Cologne event\",\"image_2\":\"wp-content\\\/uploads\\\/2024\\\/05\\\/referenzen-firmenevents-2.jpg\",\"image_2_alt\":\"Corporate event at RheinEnergieSTADION with attendees listening to a presentation\",\"image_3\":\"wp-content\\\/uploads\\\/2024\\\/05\\\/referenzen-firmenevents-1.jpg\",\"image_3_alt\":\"Conference room at RheinEnergieSTADION with U-shaped table arrangement\",\"title\":\"Corporate Events and All Other Celebrations\"}},{\"type\":\"hd-slideshow-grid_item\",\"props\":{\"content\":\"\n\n<ul>\\n\n\n<li>Private group tours for companies\\\/groups\\\/clubs\\\/stag and hen parties<\\\/li>\\n\n\n<li>Public stadium tours<\\\/li>\\n\n\n<li>Stadium tour for hard-of-hearing people and the Deaf<\\\/li>\\n\n\n<li>The Guido Ostrowski StadiumTour<\\\/li>\\n\n\n<li>The TrippelTour with stadium announcer Michael Trippel<\\\/li>\\n\n\n<li>The ScherzTour with Matthias Scherz<\\\/li>\\n\n\n<li>The OffsideTour with Walter Eschweiler<\\\/li>\\n\n\n<li>The ChampionsTour with Harald Konopka<\\\/li>\\n\n\n<li>\\u201cIn the footsteps of Lukas Podolski\\u201d tour <\\\/li>\\n\n\n<li>Stadium@NIGHT \\u2013 the floodlight tour<\\\/li>\\n\n\n<li>MatchDayTour (matchdays only)<\\\/li>\\n\n\n<li>Historical StadiumTour<\\\/li>\\n\n\n<li>Stadium tour \\\"op k\\u00f6lsch\\\"<\\\/li>\\n\n\n<li>Stadium tours for stag nights and hen parties<\\\/li>\\n\n\n<li>Stadium tours for kids (children\\u2019s birthday parties)<\\\/li>\\n\n\n<li>Team quiz tour<\\\/li>\\n\n\n<li>Cologne Carnival stadium tour<\\\/li>\\n<\\\/ul>\\n\n\n<p>You can find more information about all our stadium tours <span><a href=\\\"https:\\\/\\\/www.rheinenergiestadion.de\\\/stadionfuehrungen\\\/\\\" target=\\\"_blank\\\" rel=\\\"noopener\\\"> here <\\\/a><\\\/span>. <\\\/p>\\n\n\n<p> <strong> Buy tickets <span><a href=\\\"https:\\\/\\\/www.koelnticket.de\\\/suchergebnis\\\/?keyword=Stadionf%C3%BChrung&amp;date=\\\" target=\\\"_blank\\\" rel=\\\"noopener\\\"> for all public stadium tours here<\\\/a><\\\/span><\\\/strong> <\\\/p>\\n\n\n<p> For more information and to book private group tours (with or without catering), please call<br \\\/> <span><strong> +49 221 716 16 150 <\\\/strong><\\\/span> or send an email to  <span><strong><a href=\\\"mailto:info@koelnersportstaetten.de\\\" title=\\\"Write email regarding stadium tours to info@koelnersportstaetten.de\\\"> info@koelnersportstaetten.de<\\\/a><\\\/strong><\\\/span> <\\\/p>\",\"image_1\":\"wp-content\\\/uploads\\\/2024\\\/05\\\/referenzen-stadionfuehrungen-6.jpg\",\"image_1_alt\":\"Stadium tour at RheinEnergieSTADION with a group of visitors and a guide\",\"image_2\":\"wp-content\\\/uploads\\\/2024\\\/05\\\/referenzen-stadionfuehrungen-3.jpg\",\"image_2_alt\":\"Cheering visitors during a stadium tour at RheinEnergieSTADION\",\"image_3\":\"wp-content\\\/uploads\\\/2024\\\/05\\\/referenzen-stadionfuehrungen-5.jpg\",\"image_3_alt\":\"Group photo of a bachelorette party at RheinEnergieSTADION\",\"title\":\"Stadium Tours\"}}]},{\"type\":\"text\",\"props\":{\"block_align_breakpoint\":\"m\",\"block_align_fallback\":\"center\",\"column_breakpoint\":\"m\",\"content\":\"\n\n<p><strong>Are you looking for the perfect location for your event?\\n\\u00a0<\\\/strong><strong>We\\u2019ll be happy to help you!<\\\/strong><\\\/p>\\n\n\n<p><strong>Call us on  <span style=\\\"color: #e80900;\\\">+49 221 716 16 150<\\\/span>\\u00a0or send an email to <span>\\u00a0<\\\/span><span><a href=\\\"mailto:info@koelnersportstaetten.de\\\" title=\\\"Write email for general inquiries to info@koelnersportstaetten.de\\\" style=\\\"color: #e80900;\\\">info@koelnersportstaetten.de<\\\/a><\\\/span><\\\/strong><\\\/p>\",\"margin\":\"xlarge\",\"margin_remove_bottom\":true,\"margin_remove_top\":true,\"maxwidth_breakpoint\":\"m\",\"text_align\":\"left\"}}]}]}],\"name\":\"About\"}],\"version\":\"4.5.19\"} --><\/p>\n","protected":false},"excerpt":{"rendered":"<p>References K\u00f6lner Sportst\u00e4tten GmbH has the ideal event location for every occasion you want to celebrate \u2013 and not only in the RheinEnergieSTADION. We are an experienced partner and host in the following areas: Sporting Events National and international football matches Bundesliga, international matches, Women\u2019s DFB Cup Final (since 2010), FIFA Confederations Cup 2005, 2006 [&hellip;]<\/p>\n","protected":false},"author":2,"featured_media":2749,"parent":0,"menu_order":0,"comment_status":"closed","ping_status":"closed","template":"","meta":{"_acf_changed":false,"footnotes":""},"class_list":["post-2816","page","type-page","status-publish","has-post-thumbnail","hentry"],"acf":[],"_links":{"self":[{"href":"https:\/\/www.rheinenergiestadion.de\/en\/wp-json\/wp\/v2\/pages\/2816","targetHints":{"allow":["GET"]}}],"collection":[{"href":"https:\/\/www.rheinenergiestadion.de\/en\/wp-json\/wp\/v2\/pages"}],"about":[{"href":"https:\/\/www.rheinenergiestadion.de\/en\/wp-json\/wp\/v2\/types\/page"}],"author":[{"embeddable":true,"href":"https:\/\/www.rheinenergiestadion.de\/en\/wp-json\/wp\/v2\/users\/2"}],"replies":[{"embeddable":true,"href":"https:\/\/www.rheinenergiestadion.de\/en\/wp-json\/wp\/v2\/comments?post=2816"}],"version-history":[{"count":8,"href":"https:\/\/www.rheinenergiestadion.de\/en\/wp-json\/wp\/v2\/pages\/2816\/revisions"}],"predecessor-version":[{"id":4765,"href":"https:\/\/www.rheinenergiestadion.de\/en\/wp-json\/wp\/v2\/pages\/2816\/revisions\/4765"}],"wp:featuredmedia":[{"embeddable":true,"href":"https:\/\/www.rheinenergiestadion.de\/en\/wp-json\/wp\/v2\/media\/2749"}],"wp:attachment":[{"href":"https:\/\/www.rheinenergiestadion.de\/en\/wp-json\/wp\/v2\/media?parent=2816"}],"curies":[{"name":"wp","href":"https:\/\/api.w.org\/{rel}","templated":true}]}}